{"id":92,"date":"2025-03-30T02:49:26","date_gmt":"2025-03-30T02:49:26","guid":{"rendered":"https:\/\/www.deportesachao.cl\/?page_id=92"},"modified":"2025-03-30T02:55:52","modified_gmt":"2025-03-30T02:55:52","slug":"objetivos","status":"publish","type":"page","link":"https:\/\/www.deportesachao.cl\/?page_id=92","title":{"rendered":"Objetivos"},"content":{"rendered":"\n<div class=\"wp-block-group alignfull has-global-padding is-content-justification-center is-layout-constrained wp-block-group-is-layout-constrained\" style=\"margin-top:0;margin-bottom:0\">\n<div style=\"height:var(--wp--preset--spacing--20)\" aria-hidden=\"true\" class=\"wp-block-spacer\"><\/div>\n\n\n\n<div class=\"wp-block-group alignwide is-layout-flow wp-block-group-is-layout-flow\">\n<div class=\"wp-block-columns alignwide are-vertically-aligned-top is-layout-flex wp-container-core-columns-is-layout-5c8fb865 wp-block-columns-is-layout-flex\">\n<div class=\"wp-block-column is-vertically-aligned-top has-global-padding is-content-justification-left is-layout-constrained wp-container-core-column-is-layout-414f9025 wp-block-column-is-layout-constrained\">\n<h2 class=\"wp-block-heading has-text-align-left has-small-font-size\"><\/h2>\n\n\n\n<p class=\"has-text-align-left\"><code>El proyecto de b\u00e1squetbol formativo del Club Deportes  Achao tiene como objetivo principal el desarrollo de ni\u00f1os y j\u00f3venes que se inician en la disciplina del basquetbol y se formar\u00e1n como jugadores en aspectos t\u00e9cnicos, t\u00e1cticos, f\u00edsicos y psicol\u00f3gicos, fomentando y reforzando valores como el trabajo en equipo, el respeto al compa\u00f1ero, la disciplina y la perseverancia. Se propone un modelo estructurado para un proyecto de baloncesto formativo con resultados a mediano plazo:<br><\/code><br><code><strong>1. Objetivos del Proyecto:<\/strong><br><\/code><\/p>\n\n\n\n<p class=\"has-text-align-left\"><code><strong>Objetivo general:<\/strong> Desarrollar habilidades y valores en los ni\u00f1os y j\u00f3venes de la comuna que integran el club deportivo de basquetbol, para que alcancen un nivel de formaci\u00f3n lo cual los lleve a ser mejores jugadores y un ejemplo para las generaciones de ni\u00f1os que se ir\u00e1n formando como deportistas ligados al basquetbol,\u00a0 para tambi\u00e9n formar en ellos una mentalidad competitiva durante la formaci\u00f3n y as\u00ed\u00a0 llegar a ser deportistas con un alto nivel de competici\u00f3n y compromiso por el deporte de la comuna, fomentando el enfoque de diversi\u00f3n y aprendizaje durante la formaci\u00f3n.<br><\/code><\/p>\n\n\n\n<p class=\"has-text-align-left\"><code><strong>Objetivos espec\u00edficos:<\/strong><br>Desarrollar habilidades t\u00e9cnicas b\u00e1sicas (driblar, pasar, lanzar, defender).<br>Mejorar la comprensi\u00f3n t\u00e1ctica del juego.<br>Fomentar el trabajo en equipo y la comunicaci\u00f3n efectiva.<br>Promover la disciplina, el compromiso y el respeto por las reglas y los dem\u00e1s.<br>Crear una estructura de competici\u00f3n sana y motivadora para los jugadores.<br>Formar entrenadores calificados que transmitan el conocimiento t\u00e9cnico y humano del baloncesto.<\/code><\/p>\n\n\n\n<p><\/p>\n<\/div>\n<\/div>\n\n\n\n<div style=\"height:var(--wp--preset--spacing--20)\" aria-hidden=\"true\" class=\"wp-block-spacer\"><\/div>\n<\/div>\n\n\n\n<div style=\"height:var(--wp--preset--spacing--20)\" aria-hidden=\"true\" class=\"wp-block-spacer\"><\/div>\n<\/div>\n\n\n\n<p><\/p>\n","protected":false},"excerpt":{"rendered":"<p>El proyecto de b\u00e1squetbol formativo del Club Deportes Achao tiene como objetivo principal el desarrollo de ni\u00f1os y j\u00f3venes que se inician en la disciplina del basquetbol y se formar\u00e1n como jugadores en aspectos t\u00e9cnicos, t\u00e1cticos, f\u00edsicos y psicol\u00f3gicos, fomentando y reforzando valores como el trabajo en equipo, el respeto al compa\u00f1ero, la disciplina y [&hellip;]<\/p>\n","protected":false},"author":1,"featured_media":0,"parent":0,"menu_order":0,"comment_status":"closed","ping_status":"closed","template":"","meta":{"footnotes":"[]"},"class_list":["post-92","page","type-page","status-publish","hentry"],"_links":{"self":[{"href":"https:\/\/www.deportesachao.cl\/index.php?rest_route=\/wp\/v2\/pages\/92","targetHints":{"allow":["GET"]}}],"collection":[{"href":"https:\/\/www.deportesachao.cl\/index.php?rest_route=\/wp\/v2\/pages"}],"about":[{"href":"https:\/\/www.deportesachao.cl\/index.php?rest_route=\/wp\/v2\/types\/page"}],"author":[{"embeddable":true,"href":"https:\/\/www.deportesachao.cl\/index.php?rest_route=\/wp\/v2\/users\/1"}],"replies":[{"embeddable":true,"href":"https:\/\/www.deportesachao.cl\/index.php?rest_route=%2Fwp%2Fv2%2Fcomments&post=92"}],"version-history":[{"count":4,"href":"https:\/\/www.deportesachao.cl\/index.php?rest_route=\/wp\/v2\/pages\/92\/revisions"}],"predecessor-version":[{"id":97,"href":"https:\/\/www.deportesachao.cl\/index.php?rest_route=\/wp\/v2\/pages\/92\/revisions\/97"}],"wp:attachment":[{"href":"https:\/\/www.deportesachao.cl\/index.php?rest_route=%2Fwp%2Fv2%2Fmedia&parent=92"}],"curies":[{"name":"wp","href":"https:\/\/api.w.org\/{rel}","templated":true}]}}